{"id":40,"date":"2011-02-09T05:07:26","date_gmt":"2011-02-09T05:07:26","guid":{"rendered":"http:\/\/zsru-djakovo.hr\/wp\/?page_id=40"},"modified":"2025-05-09T09:44:34","modified_gmt":"2025-05-09T07:44:34","slug":"udruga","status":"publish","type":"page","link":"https:\/\/zsru-djakovo.hr\/?page_id=40","title":{"rendered":"Udruga"},"content":{"rendered":"<p>IZ POVIJESTI ZAJEDNICE \u0160PORTSKO RIBOLOVNIH UDRUGA \u0110AKOVO\u2026<\/p>\n<p>Zajednica \u0161portsko ribolovnih udruga \u0110akovo osnovana je 1. velja\u010de 1977. godine na osniva\u010dkoj skup\u0161tini Zajednice, a osniva\u010di su bili sva tri tada\u0161nja \u0160portsko ribolovna dru\u0161tva i njihovi predsjednici: \u0160RD \u00ab\u0160aran\u00bb i predsjednik \u017deljko Kova\u010d, \u0160RD \u00abJasen-Geli\u00bb i predsjednik Branko Petek te \u0160RD \u00abPIK\u00bb sa predsjednikom Krunom Murom. Odluku o osnivanju \u0111akova\u010dke zajednice donijela su jednoglasno sva tri \u0160RD i na taj na\u010din je Zajednica \u0161portsko ribolovnih dru\u0161tava postala samoupravna dru\u0161tvena organizacija dobrovoljno udru\u017eenih \u0161portsko ribolovnih dru\u0161tava. Izabran je i prvi Izvr\u0161ni odbor Z\u0160RD \u0110akovo u slijede\u0107em sastavu:<\/p>\n<p>1. Josip Hajden \u2013 Jo\u017ea , \u0160RD \u00ab\u0160aran\u00bb za predsjednika Z\u0160RD,<\/p>\n<p>2. Marijan Fali\u0161evac, \u0160RD \u00ab\u0160aran\u00bb za tajnika,<\/p>\n<p>3. Kruno Mur, \u0160RD \u00abPIK\u00bb za dopredsjednika Z\u0160RD,<\/p>\n<p>4. Josip Gerard, \u0160RD \u00ab\u0160aran\u00bb za blagajnika,<\/p>\n<p>5. Mirko Meter, \u0160RD \u00abGeli-Jasen\u00bb za lovnika,<\/p>\n<p>6. \u017deljko Kova\u010d, \u0160RD \u00ab\u0160aran\u00bb za rad sa mladim \u0161portskim ribolovcima,<\/p>\n<p>7. Marijan Bla\u017eevi\u0107, \u0160RD \u00bbGeli-Jasen\u00bb za natjecanje,<\/p>\n<p>8. Branko Petek, \u0160RD \u00abGeli-Jasen\u00bb za poribljavanje,<\/p>\n<p>9. Alojz Kavali, \u0160RD \u00ab\u0160aran\u00bb za radne akcije,<\/p>\n<p>10.Stjepan Tosenberger, \u0160RD \u00abPIK\u00bb za propagandu i<\/p>\n<p>11.Josip Bad\u017eek, \u0160RD \u00abPIK\u00bb kao \u010dlan.<\/p>\n<p>Izvr\u0161ni odbor Z\u0160RD \u0110akovo je izabran na mandat od dvije godine, a novoizabrana Zjednica je postala \u010dlanom velike porodice \u2013 zajednice \u0161portskih ribolovaca \u2013 i \u010dlanom Saveza \u0161portsko ribolovnih dru\u0161tava Hrvatske. Naime, do 1977. godine SVA TRI \u0110AKOVA\u010cKA RIBOLOVNA DRU\u0160TVA SU BILI \u010cLANOVI Centra \u0161portsko ribolovnih dru\u0161tava Osijek, ali kako nismo nikako mogli na\u0107i zajedni\u010dki jezik s Centrom(posebice glede poribljavanja, gospodarenja, pona\u0161anja \u0161p. Ribolovaca na na\u0161im vodama i dr.) osnovali smo(unato\u010d otporu ) vlastitu Zajednicu koja postoji sve do danas. Z\u0160RD \u0110akovo je imalo svoje sjedi\u0161te u zgradi tada\u0161nje Elektroslavonije u ulici L. Ribara 17. Novoosnovana Z\u0160RD \u0110akovo je tada gospodarila svim vodama na podru\u010dju tada\u0161nje op\u0107ine \u0110akovo: jezero \u00abJo\u0161ava\u00bb, jezero \u00abMlinac\u00bb i jedno kra\u0107e vrijeme jezero \u00abBorovik\u00bb; zatim bajerima u \u0110akovu, lateralnim kanalom i dijelom Bi\u0111-a kod Strizivojne.<\/p>\n<p>Z\u0160RD \u0110akovo traje dakle ve\u0107 punih 37 godina s tim da je sada\u0161nji naziv Zajednica \u0161portsko ribolovnih udruga \u0110akovo sa 5 dru\u0161tava koji djeluju u okviru Zajednice.<\/p>\n<p>Na\u0161i vrijedni \u010dlanovi izgradili su lijepi ribi\u010dki dom na najljep\u0161em dijelu jezera Jo\u0161ava te obnovili dom na jezeru Borovikna kojem gospodarimo do 2013 godine.Na\u0161i spretni i vrijedni \u0161portski ribolovci su na najljep\u0161i na\u010din predstavljali \u0111akova\u010dki \u0161port po Hrvatskoj \u2013 kao najbrojniji \u0161portski kolektiv u gradu. Danas Z\u0160RU \u0110akovo broji preko 650 \u010dlanova.<\/p>\n<p>Zajednica \u0161portsko ribolovnih udruga \u0110akovo je vrijedan kolektiv \u0161portskih ribolovaca koji su gradu i Zajednici osvojili bezbroj medalja, pehara, diploma i koji su svojom sposobno\u0161\u0107u organizacije poznati po organizaciji niza \u0161portsko-ribolovnih manifestacija u gradu. Nabrojiti \u0107u samo najva\u017enije: tradicionalni \u0110akova\u010dki susreti \u0161portskih ribolovaca Slavonije i Baranje, Borovik Carp Cup, Storm Cup Borovik,43. kadetsko prvenstvo Hrvatske u \u0161portskom ribolovu, 3 \u0161aransko prvenstvo Hrvatske, te mnoga ribolovna natjecanja \u017eupanije i grada.<\/p>\n<p><strong>INFO<\/strong><\/p>\n<p>Z\u0160RU \u0110AKOVO \u2013 \u0110akovo, K.Domagoja 1, tel\/fax:031 \u2013 821 \u2013 710<\/p>\n<p>* \u201cCrvenperka\u201d Ke\u0161inci<br \/>\n* \u201c\u0160aran\u201d \u0110akovo<br \/>\n* \u201c\u0110akov\u0161tina\u201d \u0110akovo<br \/>\n* \u201cAmur\u201d Ku\u0161evac<br \/>\n* \u201cSmu\u0111\u201d Vi\u0161kovci<br \/>\n* \u201cGeli-Jasen\u201d \u0110akovo<\/p>\n<div id=\"_mcePaste\"><\/div>\n","protected":false},"excerpt":{"rendered":"<p>IZ POVIJESTI ZAJEDNICE \u0160PORTSKO RIBOLOVNIH UDRUGA \u0110AKOVO\u2026 Zajednica \u0161portsko ribolovnih udruga \u0110akovo osnovana je 1. velja\u010de 1977. godine na osniva\u010dkoj skup\u0161tini Zajednice, a osniva\u010di su bili sva tri tada\u0161nja \u0160portsko&#8230; <span class=\"meta-more\"><a href=\"https:\/\/zsru-djakovo.hr\/?page_id=40\">Vi\u0161e &raquo;<\/a><\/span><\/p>\n","protected":false},"author":1,"featured_media":0,"parent":0,"menu_order":0,"comment_status":"closed","ping_status":"closed","template":"","meta":{"footnotes":""},"class_list":["post-40","page","type-page","status-publish","hentry","even alt"],"_links":{"self":[{"href":"https:\/\/zsru-djakovo.hr\/index.php?rest_route=\/wp\/v2\/pages\/40","targetHints":{"allow":["GET"]}}],"collection":[{"href":"https:\/\/zsru-djakovo.hr\/index.php?rest_route=\/wp\/v2\/pages"}],"about":[{"href":"https:\/\/zsru-djakovo.hr\/index.php?rest_route=\/wp\/v2\/types\/page"}],"author":[{"embeddable":true,"href":"https:\/\/zsru-djakovo.hr\/index.php?rest_route=\/wp\/v2\/users\/1"}],"replies":[{"embeddable":true,"href":"https:\/\/zsru-djakovo.hr\/index.php?rest_route=%2Fwp%2Fv2%2Fcomments&post=40"}],"version-history":[{"count":8,"href":"https:\/\/zsru-djakovo.hr\/index.php?rest_route=\/wp\/v2\/pages\/40\/revisions"}],"predecessor-version":[{"id":1865,"href":"https:\/\/zsru-djakovo.hr\/index.php?rest_route=\/wp\/v2\/pages\/40\/revisions\/1865"}],"wp:attachment":[{"href":"https:\/\/zsru-djakovo.hr\/index.php?rest_route=%2Fwp%2Fv2%2Fmedia&parent=40"}],"curies":[{"name":"wp","href":"https:\/\/api.w.org\/{rel}","templated":true}]}}