{"id":1803,"date":"2025-01-24T08:52:48","date_gmt":"2025-01-24T06:52:48","guid":{"rendered":"https:\/\/zsru-djakovo.hr\/?page_id=1803"},"modified":"2025-12-31T07:21:33","modified_gmt":"2025-12-31T05:21:33","slug":"pravilnik-za-plovila-na-boroviku","status":"publish","type":"page","link":"https:\/\/zsru-djakovo.hr\/?page_id=1803","title":{"rendered":"Pravilnik o upotrebi plovila"},"content":{"rendered":"\n<p><strong>Pravilnik o ribolovu uz upotrebu plovila na Boroviku<\/strong><\/p>\n\n\n\n<p>Ovaj pravilnik sastoji se od tri dijela, koji ure\u0111uju pravila za razli\u010dite oblike ribolova:<\/p>\n\n\n\n<ol class=\"wp-block-list\">\n<li>Glavni dio \u2013 odnosi se na ribolov uz pomo\u0107 plovila.<\/li>\n\n\n\n<li>Ribolov s obale uz pomo\u0107 plovila \u2013 obuhva\u0107a pravila za upotrebu plovila kao pomo\u0107nog<br>sredstva u ribolovu \u0161arana, amura i soma.<\/li>\n\n\n\n<li>Spin ribolov (varali\u010darenje) \u2013 propisuje pravila za ovu tehniku ribolova.<\/li>\n<\/ol>\n\n\n\n<ol class=\"wp-block-list\">\n<li><strong>Glavni dio<\/strong><\/li>\n<\/ol>\n\n\n\n<ul class=\"wp-block-list\">\n<li>Pravila u ovom dijelu odnose se na sve ribolovce koji koriste plovila.<\/li>\n\n\n\n<li>Ribolov uz pomo\u0107 plovila zabranjen je bez prethodno ishodovane dozvole za plovilo.<br>Cijenu dozvole odre\u0111uje ovla\u0161tenik.<\/li>\n\n\n\n<li>Dolazak na jezero potrebno je najaviti ovla\u0161teniku na broj +38592\/371-3935.<\/li>\n\n\n\n<li>Plovilo mora imati tvorni\u010dki proizvedeno tvrdo dno.<\/li>\n\n\n\n<li>U plovilu je obavezno imati veslo i preporu\u010duje se upotreba prsluka za spa\u0161avanje<\/li>\n\n\n\n<li>Za pogon plovila dozvoljeno je koristiti isklju\u010divo vesla i elektromotor; benzinski motor<br>je strogo zabranjen.<\/li>\n\n\n\n<li>Obavezno je spu\u0161tanje plovila u jezero na brani, kod ribo\u010duvarskog \u010damca. Strogo je<br>zabranjeno spu\u0161tanje plovila na bilo kojem drugom mjestu.<\/li>\n\n\n\n<li>Nepo\u0161tivanje ovog pravilnika ovla\u0161\u0107uje ribo\u010duvara da udalji ribolovca s jezera.<\/li>\n<\/ul>\n\n\n\n<ol start=\"2\" class=\"wp-block-list\">\n<li><strong>Ribolov s obale uz pomo\u0107 plovila<\/strong><\/li>\n<\/ol>\n\n\n\n<ul class=\"wp-block-list\">\n<li>Plovilo se smije koristiti isklju\u010divo kao pomo\u0107no sredstvo; ribolov iz plovila (sidrenje)<br>nije dozvoljen.<\/li>\n\n\n\n<li>Plovilo se smije koristiti isklju\u010divo u krugu ribolovne pozicije, a nije dozvoljena plovidba<br>po cijelom jezeru.<\/li>\n\n\n\n<li>\u017deli li ribolovac promijeniti poziciju, obvezan je o tome obavijestiti ribo\u010duvara.<\/li>\n\n\n\n<li>Dozvoljene aktivnosti plovilom:<\/li>\n\n\n\n<li>Razvla\u010denje sistema, prihrana, sondiranje i izvla\u010denje ribe u krugu ribolovne pozicije do<br>polovice jezera.<\/li>\n\n\n\n<li>Zabranjene radnje:<\/li>\n\n\n\n<li>Vezanje sistema za grane prilikom ribolova soma.<\/li>\n\n\n\n<li>Kori\u0161tenje boca, kanistara i sli\u010dnih predmeta kao markera (dozvoljeni su samo H<br>markeri i antene).<\/li>\n\n\n\n<li>Pravila za ribolov \u0161arana:<\/li>\n\n\n\n<li>Zabranjeno je polaganje ribe u plovilo pri povratku na poziciju.<\/li>\n\n\n\n<li>Obavezno je kori\u0161tenje rastavljivog podmeta\u010da ili carp sacka za povratak ribe na<br>poziciju.<\/li>\n\n\n\n<li>Soma je dozvoljeno polagati u plovilo.<\/li>\n\n\n\n<li>No\u0107u plovilo mora biti osvijetljeno (npr. naglavnom lampom).<\/li>\n\n\n\n<li>Plovilo se ne smije posu\u0111ivati drugim pozicijama.<\/li>\n<\/ul>\n\n\n\n<ol start=\"3\" class=\"wp-block-list\">\n<li><strong>Spin ribolov (varali\u010darenje)<\/strong><\/li>\n<\/ol>\n\n\n\n<ul class=\"wp-block-list\">\n<li>Spin ribolov dozvoljen je isklju\u010divo u re\u017eimu <em>ulovi i pusti<\/em> za sve vrste riba, osim soma.<\/li>\n\n\n\n<li>Zabranjen je ribolov na \u017eivi mamac i bu\u0107ka.<\/li>\n\n\n\n<li>Zabranjena je upotreba opreme koja mo\u017ee o\u0161tetiti ribu, poput kuke ili lip gripa.<\/li>\n\n\n\n<li>Spin ribolov tijekom no\u0107i nije dozvoljen.<\/li>\n\n\n\n<li>Ribolov ovom tehnikom dozvoljen je na cijelom jezeru.<\/li>\n\n\n\n<li>Prednost imaju ribolovci koji love s obale u odnosu na one u plovilu.<\/li>\n\n\n\n<li>Ribolovac u plovilu du\u017ean je paziti na sisteme ribolovaca s obale.<\/li>\n\n\n\n<li>Sidrenje na brani je strogo zabranjeno.<\/li>\n<\/ul>\n\n\n\n<p>Pridr\u017eavanje ovog pravilnika obavezno je za sve ribolovce kako bi se osigurala sigurnost i<br>o\u010duvala kvaliteta ribolova.<\/p>\n\n\n\n<ul class=\"wp-block-list\">\n<li>Mogu\u0107e su izmjene pravilnika odlukama upravnog odbora, koje \u0107e biti objavljene na slu\u017ebenoj web<br>stranici Z\u0160RU \u0110akovo www.zsru-djakovo.hr i na Facebook stranici Z\u0160RU \u0110akovo<\/li>\n<\/ul>\n\n\n\n<p><\/p>\n","protected":false},"excerpt":{"rendered":"<p>Pravilnik o ribolovu uz upotrebu plovila na Boroviku Ovaj pravilnik sastoji se od tri dijela, koji ure\u0111uju pravila za razli\u010dite oblike ribolova: Pridr\u017eavanje ovog pravilnika obavezno je za sve ribolovce&#8230; <span class=\"meta-more\"><a href=\"https:\/\/zsru-djakovo.hr\/?page_id=1803\">Vi\u0161e &raquo;<\/a><\/span><\/p>\n","protected":false},"author":1,"featured_media":0,"parent":0,"menu_order":0,"comment_status":"closed","ping_status":"closed","template":"","meta":{"footnotes":""},"class_list":["post-1803","page","type-page","status-publish","hentry","even alt"],"_links":{"self":[{"href":"https:\/\/zsru-djakovo.hr\/index.php?rest_route=\/wp\/v2\/pages\/1803","targetHints":{"allow":["GET"]}}],"collection":[{"href":"https:\/\/zsru-djakovo.hr\/index.php?rest_route=\/wp\/v2\/pages"}],"about":[{"href":"https:\/\/zsru-djakovo.hr\/index.php?rest_route=\/wp\/v2\/types\/page"}],"author":[{"embeddable":true,"href":"https:\/\/zsru-djakovo.hr\/index.php?rest_route=\/wp\/v2\/users\/1"}],"replies":[{"embeddable":true,"href":"https:\/\/zsru-djakovo.hr\/index.php?rest_route=%2Fwp%2Fv2%2Fcomments&post=1803"}],"version-history":[{"count":4,"href":"https:\/\/zsru-djakovo.hr\/index.php?rest_route=\/wp\/v2\/pages\/1803\/revisions"}],"predecessor-version":[{"id":1882,"href":"https:\/\/zsru-djakovo.hr\/index.php?rest_route=\/wp\/v2\/pages\/1803\/revisions\/1882"}],"wp:attachment":[{"href":"https:\/\/zsru-djakovo.hr\/index.php?rest_route=%2Fwp%2Fv2%2Fmedia&parent=1803"}],"curies":[{"name":"wp","href":"https:\/\/api.w.org\/{rel}","templated":true}]}}