{"id":66,"date":"2013-01-20T20:53:08","date_gmt":"2013-01-20T20:53:08","guid":{"rendered":"http:\/\/zsru-djakovo.hr\/wp\/?page_id=66"},"modified":"2026-01-01T08:25:12","modified_gmt":"2026-01-01T06:25:12","slug":"ribolovni-propisi","status":"publish","type":"page","link":"http:\/\/zsru-djakovo.hr\/?page_id=66","title":{"rendered":"Ribolovni propisi"},"content":{"rendered":"\n<p><strong>PRAVILA PONA\u0160ANJA NA VODAMA Z\u0160RU \u0110AKOVO ZA 2026. GODINU<\/strong><\/p>\n\n\n\n<p><br>Obavezna je najava za ribolov na dnevne ili vi\u0161ednevne dozvole tijekom cijele godine.<br>Kontakti i na\u010din prijave nalaze se u pravilima za jezero na koje planirate i\u0107i u ribolov.<br>\u0160portski ribolov na vodama Z\u0160RU \u0110akovo dopu\u0161ten je isklju\u010divo ribolovcima koji posjeduju dozvolu za \u0161portski ribolov,<br>pravila pona\u0161anja na vodama Z\u0160RU \u0110akovo i osobnu iskaznicu.<br>Na svim vodama Z\u0160RU \u0110akovo ribolov je dozvoljen isklju\u010divo na ure\u0111enim ribolovnim pozicijama (ozna\u010dene brojem).<br>Obavezna je upotreba podmeta\u010da (meredova) na svim vodama ovla\u0161tenika, a u ribolovu \u0161arana na vodama \u201eulovi i<br>pusti\u201d obavezna je minimalna dimenzija podmeta\u010da 70x70x70cm.<br>Na vodama na kojima nije obavezna \u0161aranska kadica, obavezna je prostirka dimenzija 80 x 40 x 1 cm, osim u ribolovu<br>grabe\u017eljivica.<br>Na jezerima \u201culovi i pusti\u201d obavezna je upotreba \u0161aranske kadice, vagarice i antiseptika u ribolovu \u0161arana i amura.<br>Ribolovac je du\u017ean na zahtjev ribo\u010duvara dati na uvid dozvolu, popis ulova, osobnu iskaznicu, uhva\u0107enu ribu i ribolovni<br>pribor.<br>Zabranjeno je polaganje prava na vlastito ribolovno mjesto.<br>Zabranjeno je ostavljanje pribora bez prisutnosti vlasnika. U suprotnom slijedi oduzimanje pribora.<br>Zabranjeno je uno\u0161enje udica, hrane, neprimjerenih oznaka (markera), boca, stiropora i sli\u010dnog u vodu plivanjem, osim<br>za natjecanja uz odluku Upravnog odbora Z\u0160RU.<br>Dozvoljen je ribolov i hranjenje isklju\u010divo s obale, osim za jezero Borovik, za koje postoje posebna pravila navedena pod<br>to\u010dkom \u201cJezero Borovik\u201d.<br>Dozvoljeno je lo\u017eenje vatre samo za na to predvi\u0111enim mjestima. Na jezerima Jo\u0161ava i Mlinac zabranjeno je lo\u017eenje<br>otvorene vatre. Isklju\u010divo kori\u0161tenje prijenosnog ro\u0161tilja s nogicama.<br>Zabranjena je upotreba kri\u017eaka i ribolov na ledu.<br>Zabranjeno je devastiranje i one\u010di\u0161\u0107enje ribolovnog pojasa i njegovog okoli\u0161a.<br>Zabranjeno je kupanje i ribolov u podru\u010dju brane Jo\u0161ave i Borovika.<br>Zabranjena je izgradnja bilo kakvih objekata u obalnom podru\u010dju svih voda Z\u0160RU \u0110akovo.<br>Dozvoljen je ribolov uz prisutnost psa koji mora biti vezan ili imati brnjicu.<br>Za karasa, linjaka i vretenastog \u0161arana na svim vodama obavezan je re\u017eim \u201culovi i pusti\u201d.<br>\u0160portski ribolov za seniore dozvoljen je s tri ribolovna pruta, svaki s po jednom udicom. Kederica se tako\u0111er<br>podrazumjeva pod ribolovni prut. Juniorima je dozvoljeno kori\u0161tenje 2 ribolovna pruta, a kadetima jedan (isklju\u010divo<br>kederica).<br>Na Bajeru u Ulici A. Star\u010devi\u0107a vrijedi re\u017eim \u201culovi i pusti\u201d za pastrvskog grge\u010da, \u0161arana i amura.<br>Na Bajeru u Ulici F. Ra\u010dkog vrijedi re\u017eim \u201eulovi i pusti\u201d za pastrvskog grge\u010da.<br>Zabranjen je ribolov na Gajgerovom jezeru, Rakovom jezeru i bazenu Gajgerovom tijekom cijele godine.<br>Ribolovac koji posjeduje ribolovnu dozvolu Z\u0160RU \u0110akovo ima pravo obavljati \u0161portski ribolov na sljede\u0107im vodama:<br>Jo\u0161ava, Mlinac, Borovik, Mali Borovik, Kosinac Drenje, Bajer F. Ra\u010dkog, Bajer A. Star\u010devi\u0107a, Bazen Ku\u0161evac, Bajer<br>Satnica, Akumulacija Ke\u0161inci, Bi\u0111, Lateralac, Soljak-Lug i Kanal Ku\u0161evac.<br>Po jednom izlasku u ribolov, odnosno istoga dana, ribolovac mo\u017ee zadr\u017eati najvi\u0161e dvije plemenite ribe, pri \u010demu ukupni<br>ulov mo\u017ee sadr\u017eavati:<br>\uf072 1 \u0161arana do 4 kg (osim vretenastog); minimalna mjera 40 cm (lovostaj 01.04. \u2013 31.05.)<br>\uf072 1 amura mase od 2 kg do 8 kg (nema lovostaja)<br>\uf072 1 \u0161tuku mase od 1 kg do 4 kg (lovostaj: 01.02. \u2013 31.03.)<br>\uf072 2 smu\u0111a minimalne mase 1 kg (lovostaj: 01.03. \u2013 31.05.)<br>\uf072 2 soma minimalna mjera 60 cm (lovostaj: 16.04. \u2013 15.06.)<br>\uf072 Ostale ribe \u2013 do 10 kg<br>\uf072 Patuljastog somi\u0107a (pastata) \u2013 bez ograni\u010denja<br>Ribolovac koji odlu\u010di zadr\u017eati plemenitu ribu mora ulov odmah po odlaganju u obaveznu \u010duvaricu upisati u<br>evidenciju te joj odsje\u0107i dio repne peraje po propisima Zakona o slatkovodnom ribarstvu.<br>Ukupni godi\u0161nji ulov mo\u017ee sadr\u017eavati maksimalno 12 plemenitih riba<\/p>\n\n\n\n<p><br><strong>JEZERO BOROVIK:<\/strong><br>Obavezna je najava ribolova ribo\u010duvaru prije odlaska na jezero SMSom na broj 092\/371-3935 (primjer: Hrvoje Horvat,<br>ribolov Borovik). Ukoliko koristite plovilo, tako\u0111er navesti u SMS poruci ( Hrvoje Horvat, ribolov Borovik \u2013 plovilo).<br>Jezero Borovik progla\u0161eno je vodom \u201culovi i pusti\u201d za \u0161arana i amura.<br>Zabranjena je upotreba \u010duvarica kod ribolova \u0161arana i amura.<br>Zabranjen je ribolov \u0161arana i amura na upredenice (\u201c\u0161page\u201d).<br>Zabranjena je upotreba shock leadera na lovnim \u0161tapovima.<br>Dozvoljeno je razvla\u010denje sistema maksimalno do polovice jezera. U no\u0107nom ribolovu plovak mora biti osvijetljen.<\/p>\n\n\n\n<p>Obavezna je upotreba \u0161aranske kadice, vagarice i antiseptika u ribolovu \u0161arana i amura.<br>Dozvoljena je upotreba \u010damca na daljinsko upravljanje i plovila uz odgovaraju\u0107u dozvolu i po posebnim pravilima.<br>Obavezna je najava prijevoza \u010damcem na poziciju ribo\u010duvaru najmanje 48 sati prije dolaska na vodu.<br>Zabranjen je ribolov s obale u zoni kupali\u0161ta tijekom kupali\u0161ne sezone (01.06 \u2013 31.08.)<\/p>\n\n\n\n<p><br><strong>JEZERO JO\u0160AVA:<\/strong><br>Obavezna je najava ribolova ribo\u010duvaru prilikom zauzimanja pozicije i odjava prije odlaska s jezera SMSom na broj<br>095\/350-6509 (primjer: Hrvoje Horvat pozicija 1 prijava; Hrvoje Horvat pozicija 1 odjava). U slu\u010daju spin ribolova (Hrvoje<br>Horvat spin prijava; Hrvoje Horvat spin odjava).<br>Jezero Jo\u0161ava progla\u0161eno je vodom \u201culovi i pusti\u201d za \u0161arana i amura.<br>Ribolov je dozvoljen samo na pozicijama ozna\u010denim brojem. Zabranjen je ribolov s vi\u0161kova\u010dke strane.<br>Obavezna je upotreba \u0161aranske kadice, vagarice i antiseptika u ribolovu \u0161arana i amura.<br>Dozvoljena upotreba shock leadera.<br>Zabranjena upotreba \u010damca na daljinsko upravljanje.<br>Zabranjeno je ostavljanje pribora bez prisutnosti vlasnika, kupanje, parkiranje na ribolovne pozicije, ostavljanje sme\u0107a i<br>lo\u017eenje otvorene vatre (dozvoljen isklju\u010divo ro\u0161tilj na nogicama).<br>Ribolov je zabranjen na dijelu od re\u0161etke kanala Jo\u0161ava do \u017eeljezni\u010dke pruge \u0110akovo\u2013Osijek.<br>Na podru\u010dju parkirali\u0161ta kod restorana, do temeljnog ispusta, dopu\u0161ten je ribolov isklju\u010divo na varalicu.<\/p>\n\n\n\n<p><strong>JEZERO MLINAC:<\/strong><br>Jezero Mlinac progla\u0161eno je vodom \u201culovi i pusti\u201d za sve vrste riba.<br>Obavezna je najava ribolova SMS-om na broj 097\/756-0433 prilikom zauzimanja pozicije (npr. \u201cHrvoje Horvat, pozicija 9<br>te<br>ime jezera\u201d). U slu\u010daju spin ribolova, Hrvoje Horvat spin.<br>Obavezna je odjava pri odlasku (npr. \u201cHrvoje Horvat, odjava\u201d).<br>Ribolov je dozvoljen samo na pozicijama ozna\u010denim brojem.<br>Obavezna je upotreba \u0161aranske kadice i vagarice za polijeganje ribe, osim u ribolovu grabe\u017eljivica gdje je obavezna<br>prostirka.<br>Dozvoljena je upotreba shock leadera.<br>Ribolov grabe\u017eljivica dozvoljen je isklju\u010divo umjetnim mamcem (varalicom).<br>Pozicije 1\u201318 namijenjene su za \u0161aranski ribolov. Ako je pozicija slobodna dozvoljen je spin ribolov, a pozicije 19\u201329<br>isklju\u010divo za spin ribolov.<br>Dolazak gostiju ribolovcima na poziciju vozilom nije dozvoljen.<br>Obavezna najava no\u0107enja, na gore navedeni broj, tijekom cijele godine za ribolov na dnevne i vi\u0161ednevne dozvole.<br>Dozvoljen je ribolov i hranjenje isklju\u010divo s obale unutar sektora pozicije na kojoj se obavlja ribolov.<br>Zabranjeno je kupanje i ostavljanje sme\u0107a; otpad je potrebno odnijeti s jezera.<br>Zabranjeno je lo\u017eenje otvorene vatre (dozvoljen isklju\u010divo ro\u0161tilj na nogicama).<\/p>\n\n\n\n<p><strong>JEZERO MALI BOROVIK<\/strong><br>Obavezna je najava ribolova ribo\u010duvaru prije odlaska na jezero SMSom na broj 092\/371-3935 (primjer: Hrvoje Horvat,<br>ribolov Mali Borovik \u2013 prijava; Hrvoje Horvat ribolov Mali Borovik \u2013 odjava ).<br>Na jezeru Mali Borovik progla\u0161en je re\u017eim \u201culovi i pusti\u201d za svu grabe\u017eljivu ribu.<br>Stacionarni ribolov i ribolov na \u017eivi mamac su zabranjeni, dozvoljen je isklju\u010divo ribolov varalicom. Obavezna je upotreba<br>podmeta\u010da i prostirke minimalnih dimenzija 80x40x1 cm. Zabranjena je upotreba lip gripa.<\/p>\n\n\n\n<p><br><strong>Ostale napomene:<\/strong><\/p>\n\n\n\n<p>Svaki \u010dlan du\u017ean je u teku\u0107oj godini odraditi dvije radne akcije u ukupnom trajanju od 16 sati. U protivnom, sljede\u0107e godine du\u017ean je platiti 50 \u20ac po neodra\u0111enoj radnoj akciji.<br>Svako kr\u0161enje propisa bit \u0107e najstro\u017ee ka\u017enjavano sukladno zakonu i disciplinskom pravilniku.<br>Upravni odbor zadr\u017eava pravo izmjena propisa, uz primjenu zakona o slatkovodnom ribarstvu za sve druge situacije.<br>Va\u017eniji kontakti:<br>\uf072 Profesionalni ribo\u010duvar Z\u0160RU: 092 371 3935<br>\uf072 Tajnik Z\u0160RU \u0110akovo: 092 254 6850<br>\uf072 Tel\/Fax: 031 821 710<br>INFO stranica:\u00a0www.zsru-djakovo.hr<br>Email: zsrudakovo@gmail.com<\/p>\n\n\n\n<p><\/p>\n","protected":false},"excerpt":{"rendered":"<p>PRAVILA PONA\u0160ANJA NA VODAMA Z\u0160RU \u0110AKOVO ZA 2026. GODINU Obavezna je najava za ribolov na dnevne ili vi\u0161ednevne dozvole tijekom cijele godine.Kontakti i na\u010din prijave nalaze se u pravilima za&#8230; <span class=\"meta-more\"><a href=\"http:\/\/zsru-djakovo.hr\/?page_id=66\">Vi\u0161e &raquo;<\/a><\/span><\/p>\n","protected":false},"author":1,"featured_media":0,"parent":0,"menu_order":0,"comment_status":"closed","ping_status":"closed","template":"","meta":{"footnotes":""},"class_list":["post-66","page","type-page","status-publish","hentry","even alt"],"_links":{"self":[{"href":"http:\/\/zsru-djakovo.hr\/index.php?rest_route=\/wp\/v2\/pages\/66","targetHints":{"allow":["GET"]}}],"collection":[{"href":"http:\/\/zsru-djakovo.hr\/index.php?rest_route=\/wp\/v2\/pages"}],"about":[{"href":"http:\/\/zsru-djakovo.hr\/index.php?rest_route=\/wp\/v2\/types\/page"}],"author":[{"embeddable":true,"href":"http:\/\/zsru-djakovo.hr\/index.php?rest_route=\/wp\/v2\/users\/1"}],"replies":[{"embeddable":true,"href":"http:\/\/zsru-djakovo.hr\/index.php?rest_route=%2Fwp%2Fv2%2Fcomments&post=66"}],"version-history":[{"count":46,"href":"http:\/\/zsru-djakovo.hr\/index.php?rest_route=\/wp\/v2\/pages\/66\/revisions"}],"predecessor-version":[{"id":1886,"href":"http:\/\/zsru-djakovo.hr\/index.php?rest_route=\/wp\/v2\/pages\/66\/revisions\/1886"}],"wp:attachment":[{"href":"http:\/\/zsru-djakovo.hr\/index.php?rest_route=%2Fwp%2Fv2%2Fmedia&parent=66"}],"curies":[{"name":"wp","href":"https:\/\/api.w.org\/{rel}","templated":true}]}}