{"id":56,"date":"2011-02-10T20:31:09","date_gmt":"2011-02-10T20:31:09","guid":{"rendered":"http:\/\/zsru-djakovo.hr\/wp\/?page_id=56"},"modified":"2026-04-08T20:02:35","modified_gmt":"2026-04-08T18:02:35","slug":"ribolovne-dozvole","status":"publish","type":"page","link":"http:\/\/zsru-djakovo.hr\/?page_id=56","title":{"rendered":"Ribolovne dozvole"},"content":{"rendered":"<div id=\"_mcePaste\">\n<div id=\"_mcePaste\">\n<p><strong>Godi\u0161nje dozvole se mogu kupiti na na\u0161oj adresi:<br \/>Zajednica \u0161portskih Ribolovnih udruga \u0110akovo<\/strong><\/p>\n<p><strong>I.G. Kova\u010di\u0107a 5, I. kat<br \/>31400 \u0110akovo<br \/>Osije\u010dko-Baranjska \u017dupanija<br \/>Hrvatska<br \/>Email: \u00a0zsrudakovo(et)gmail.com<br \/>Tel: +385(31)821 710<br \/>Fax: +385(31)821 710<\/strong><\/p>\n<p><strong>Radno vrijeme ureda<\/strong><\/p>\n<p><strong>Adresa<\/strong>: I.G. Kova\u010di\u0107a 5, 1. kat, \u0110akovo<\/p>\n<p>Ponedjeljak, utorak, \u010detvrtak od 16:00 do 19:00.<\/p>\n<p>Ostali dane ne radimo<\/p>\n<div style=\"font-weight: bold;\">Te dnevne dozvole u sljede\u0107oj trgovini:<\/div>\n<div>\n<p><strong>Venatio<\/strong><br \/>Splitska 24, \u0110akovo<br \/>Pon-pet: 08-19<br \/>Sub: 08-14<br \/>Tel:031\/499-536<\/p>\n<p><strong>Elektro-Niko j.d.o.o.<\/strong><br \/>Ante Star\u010devi\u0107a 14a, \u0110akovo<br \/>Pon-pet: 08-15<br \/>Sub: 08-13<br \/>Tel:095\/356-2623<\/p>\n<\/div>\n<\/div>\n<\/div>\n\n\n<div class=\"wp-block-file\"><a id=\"wp-block-file--media-bf453281-ee39-47df-8cc0-9e9134d9b45a\" href=\"https:\/\/zsru-djakovo.hr\/wp-content\/uploads\/2025\/11\/odluka-godisnje-dozvole-2026.docx\" target=\"_blank\" rel=\"noreferrer noopener\">odluka godi\u0161nje dozvole 2026<\/a><a href=\"https:\/\/zsru-djakovo.hr\/wp-content\/uploads\/2025\/11\/odluka-godisnje-dozvole-2026.docx\" class=\"wp-block-file__button wp-element-button\" download aria-describedby=\"wp-block-file--media-bf453281-ee39-47df-8cc0-9e9134d9b45a\">Preuzmi<\/a><\/div>\n\n\n\n<div class=\"wp-block-file\"><a id=\"wp-block-file--media-a3af5100-50d0-47e6-863f-b40ac3962d8e\" href=\"https:\/\/zsru-djakovo.hr\/wp-content\/uploads\/2025\/11\/odluka-dnevne-i-visednevne-dozvole-2026.docx\">odluka dnevne i vi\u0161ednevne dozvole 2026<\/a><a href=\"https:\/\/zsru-djakovo.hr\/wp-content\/uploads\/2025\/11\/odluka-dnevne-i-visednevne-dozvole-2026.docx\" class=\"wp-block-file__button wp-element-button\" download aria-describedby=\"wp-block-file--media-a3af5100-50d0-47e6-863f-b40ac3962d8e\">Preuzmi<\/a><\/div>\n","protected":false},"excerpt":{"rendered":"<p>Godi\u0161nje dozvole se mogu kupiti na na\u0161oj adresi:Zajednica \u0161portskih Ribolovnih udruga \u0110akovo I.G. Kova\u010di\u0107a 5, I. kat31400 \u0110akovoOsije\u010dko-Baranjska \u017dupanijaHrvatskaEmail: \u00a0zsrudakovo(et)gmail.comTel: +385(31)821 710Fax: +385(31)821 710 Radno vrijeme ureda Adresa: I.G. Kova\u010di\u0107a&#8230; <span class=\"meta-more\"><a href=\"http:\/\/zsru-djakovo.hr\/?page_id=56\">Vi\u0161e &raquo;<\/a><\/span><\/p>\n","protected":false},"author":1,"featured_media":0,"parent":0,"menu_order":0,"comment_status":"closed","ping_status":"closed","template":"","meta":{"footnotes":""},"class_list":["post-56","page","type-page","status-publish","hentry","even alt"],"_links":{"self":[{"href":"http:\/\/zsru-djakovo.hr\/index.php?rest_route=\/wp\/v2\/pages\/56","targetHints":{"allow":["GET"]}}],"collection":[{"href":"http:\/\/zsru-djakovo.hr\/index.php?rest_route=\/wp\/v2\/pages"}],"about":[{"href":"http:\/\/zsru-djakovo.hr\/index.php?rest_route=\/wp\/v2\/types\/page"}],"author":[{"embeddable":true,"href":"http:\/\/zsru-djakovo.hr\/index.php?rest_route=\/wp\/v2\/users\/1"}],"replies":[{"embeddable":true,"href":"http:\/\/zsru-djakovo.hr\/index.php?rest_route=%2Fwp%2Fv2%2Fcomments&post=56"}],"version-history":[{"count":49,"href":"http:\/\/zsru-djakovo.hr\/index.php?rest_route=\/wp\/v2\/pages\/56\/revisions"}],"predecessor-version":[{"id":1905,"href":"http:\/\/zsru-djakovo.hr\/index.php?rest_route=\/wp\/v2\/pages\/56\/revisions\/1905"}],"wp:attachment":[{"href":"http:\/\/zsru-djakovo.hr\/index.php?rest_route=%2Fwp%2Fv2%2Fmedia&parent=56"}],"curies":[{"name":"wp","href":"https:\/\/api.w.org\/{rel}","templated":true}]}}