{"id":47,"date":"2011-02-10T20:07:16","date_gmt":"2011-02-10T20:07:16","guid":{"rendered":"http:\/\/zsru-djakovo.hr\/wp\/?page_id=47"},"modified":"2011-02-13T06:40:55","modified_gmt":"2011-02-13T06:40:55","slug":"ribolovne-vode","status":"publish","type":"page","link":"http:\/\/zsru-djakovo.hr\/?page_id=47","title":{"rendered":"Ribolovne vode"},"content":{"rendered":"<p><strong>Jezero \u201cBorovik\u201c<\/strong><\/p>\n<ul>\n<li>Rijeka  Vuka izvire iz sjeveroisto\u010dnih izdanaka Krstova kod sela Pau\u010dja. Na  samom po<br \/>\n\u010detku  njena toka, izgradnjom brane 1978. godine, stvoreno je umjetno<br \/>\njezero  Borovik.<\/li>\n<li>Jezero  \u201eBorovik\u201c nalazi se zapadno od \u0110akova i dvokrakog je oblika.\u00a0 Jezero im<\/li>\n<li>a  povr\u0161inu od 160 ha s dubinom od 15 m, du\u017eine cca 7.000 m, prosje\u010dne  \u0161irine cca 300 m i ukupne zapremine 8 500 000 m3 vode.<\/li>\n<li>Borovik  je jedno od  najatraktivnijih mjesta za \u0161aranski ribolov ( kapitalni  \u0161arani te\u017eine  do 30 kg) i ribolov pastrvskog grge\u010da(te\u017eine 2 i vi\u0161e kg) u  Hrvatskoj i  ovom dijelu Europe.<\/li>\n<li>Osim  spomenutih vrsta riba\u00a0 u  Boroviku obitava amur, som, smu\u0111, \u0161tuka, grge\u010d,  linjak, patuljasti  somi\u0107, babu\u0161ka, crvenperka, \u017eutooka i uklija.<\/li>\n<\/ul>\n<p><strong>Jezero  \u201cJo\u0161ava\u201c<\/strong><\/p>\n<ul>\n<li>Jezero  \u201cJo\u0161ava\u201c nalazi se oko 2 km  sjevero-sjeveroisto\u010dno od grada \u0110akova.  Prote\u017ee se od \u017eeljezni\u010dkog  nasipa \u0110akovo-Osijek do umjetno podignute  zemljane brane koja se nalazi  oko 2 km nizvodno. To je zapravo jedno  umjetno jezero izgra\u0111eno  1963\/64. godine. Prvenstveno su ga namijenili  za uzgoj riba, \u0161port i  rekreaciju. Napravljeno je tako da je pregra\u0111eno  korito potoka Jo\u0161ava  zemljanom branom betonskom ustavom. S time je  postignuto da se voda  akumulira ispred brane, potapa okolna polja i  stvara jezero. Zemljana  brana jezera popravljena je 1993\/94. godine. U  temeljni ispust je  ugra\u0111en novi zasun, kojim se regulira razina vode  jezera odnosno  ispu\u0161tanje vode iz jezera.<\/li>\n<li>Oblik  jezera je duguljast, prote\u017ee  se od zapada prema istoku. Duga\u010dko je oko  4,5 km, a \u0161irina iznosi 100  do 180 m. Obalu jezera sa\u010dinjavaju  \u017eeljezni\u010dki nasip \u0110akovo-Osijek na  zapadu, zemljani nasip sa temeljnim  ispustom na istoku i lesna  uzvi\u0161enja sa ju\u017ene i sjeverne strane. Dubina  jezera kre\u0107e se od 70 cm  do 3m. Na zapadu je ne\u0161to pli\u0107e, a na istoku  ne\u0161to dublje. Ipak najve\u0107a  je dubina u sredini gdje se prote\u017ee jedan  kanal, biv\u0161e korito potoka  Jo\u0161ava, u smjeru zapad-istok. Od kanala bo\u010dno  prema obali sve je pli\u0107e.  Oko 80 % povr\u0161ine jezera je \u010disto, a oko 20 %  je uglavnom na rubovima,  obraslo trskom, rogozom i drugim<\/li>\n<li>vodenim  biljem. U vodi se nalaze jo\u0161 u dovoljnoj koli\u010dini podvodne biljke, vrste  iz porodice mrijesak.<\/li>\n<li>Oko  jezera nalaze se odre\u0111ene  poljoprivredne povr\u0161ine i ne\u0161to sa\u0111enih \u0161uma  kod Koloku\u0161ice.Vrste riba  koje su navedene za jezero Borovik nalaze se i  u Jo\u0161avi.<\/li>\n<\/ul>\n<p><strong>Jezero  \u201eMlinac\u201c<\/strong><\/p>\n<ul>\n<li>Jezero  \u201eMlinac\u201c nalazi se\u00a0 12 km  zapadno od \u0110akova na putu \u0110akovo- \u0110akova\u010dka  Breznica, izme\u0111u sela  \u0110akova\u010dki Selci i Kondri\u0107 kod PIK-ove ekonomije  Mlinac. To je jedino  umjetno napravljeno akumulacijsko jezero. Ukupna  povr\u0161ina iznosi 13,60  ha, ali za ribarstvo korisna povr\u0161ina iznosi oko  6,6 ha. Jezero  \u201eMlinac\u201c vodu dobiva od dva mala\u00a0 izvora i od oborinskih  voda. Vodena  povr\u0161ina je nepravilnog oblika zbog nekoliko zaljeva i  poluotoka.  Povr\u0161ina jezera je \u010dista. Vodenog bilja ima vrlo malo i to na  rubovima.  Oticanje vode iz jezera spre\u010dava nasip na kojem je makadamska  cesta  koja ve\u017ee pustaru Mlinac sa cestom \u0110akovo-\u0110akova\u010dka Breznica.  Jezero  \u201eMlinac\u201c je okru\u017eeno oranicom i vo\u0107njacima. Na brani se odnosno  nasipu  ustava tj. cijev za prelijevanje suvi\u0161ka vode.<\/li>\n<\/ul>\n<p><strong>Jezero  \u201e\u0160trbinci\u201c<\/strong><\/p>\n<ul>\n<li>Jezero  \u201e\u0160trbinci\u201c se nalazi u  neposrednoj blizini \u0110akova na putu prema  Vrpolju.Jezero je plitko,  prosje\u010dna dubina iznosi 1,5 m. Obraslo je  vodenim biljem.<\/li>\n<\/ul>\n<p><strong>Kanal \u201eBi\u0111\u201c<\/strong><\/p>\n<ul>\n<li>Na  jugoisto\u010dnom podru\u010dju op\u0107ine  \u0110akovo te\u010de rje\u010dica \u201eBi\u0111\u201c, \u010dije je korito  melioracijsko u obliku  kanala. Z\u0160RU \u0110akovo kanal \u201eBi\u0111\u201c pripada u du\u017eini  oko 6 km od kanala  \u201eMeda\u0161a\u201c do u\u0161\u0107a \u201eJo\u0161ave\u201c u \u201eBi\u0111\u201c. Ukupna povr\u0161ina  kanala \u201eBi\u0111\u201c na  podru\u010dju op\u0107ine \u0110akovo iznosi 18,5 ha. Prosje\u010dna \u0161irina  kre\u0107e se od 10  do 20 metara, a dubina od 1 do 2 metra, zavisno od  vodostaja. Voda  kanala \u201eBi\u0111\u201c je \u010dista i bistra po\u0161to nema zaga\u0111iva\u010da.  Mjestimi\u010dno je  korito \u201eBi\u0111a\u201c obraslo rogozom (Typha sp.) i ostalim  vodenim biljem.<\/li>\n<\/ul>\n<p><strong>Kanal  \u201eLateralac\u201c<\/strong><\/p>\n<ul>\n<li>Nalazi se  zapadno \u2013 jugozapadno od  \u0110akova. Z\u0160RU \u0110akovo pripada 4 km od \u0161ume  Ma\u010dkovac do sela  Perkovci.\u0160irina kanala \u201eLateralac\u201c kre\u0107e se 2 do 5  metara. Dubina vode  iznosi 0,5 do 1,5 metara. To je neznatna ribolovna  voda u kojoj \u017eivi  uglavnom nekvalitetna riba, bjelica.<\/li>\n<\/ul>\n<p><strong>Bajer biv\u0161e  ciglane \u201e\u0110akova\u010dke satnice\u201c<\/strong><\/p>\n<ul>\n<li>Ovaj  bajer nalazi se izvan sela  \u0110akova\u010dka Satnica oko 1 km prema Na\u0161icama.  Veli\u010dina bajera je 40 x 60  m, tj. 0,24 ha. To je vrlo mala povr\u0161ina  obrasla trskom i drugim  vodenim biljkama. Od drve\u0107a ovdje raste vrba.  Dubina u prosjeku iznosi  oko 1,5 m.<\/li>\n<\/ul>\n<p><strong>Bajer biv\u0161e  kudeljare \u201eKe\u0161inci\u201c<\/strong><\/p>\n<ul>\n<li>Bajer  biv\u0161e kudeljare \u201eKe\u0161inci\u201c  epilepti\u010dnog je oblika. Dubina vode je u  presjeku 2m. Rubovi su obrasli  vodenim biljem i trskom, dok je sredina  \u010dista.<\/li>\n<\/ul>\n<p><strong>Bajer  ciglane u \u0110akovu (ul. Ante Star\u010devi\u0107a)<\/strong><\/p>\n<ul>\n<li>Bajer je  novijeg porijekla, veli\u010dine 0,76 ha pravokutnog oblika, neobrastao  biljkama.<\/li>\n<\/ul>\n<p><strong>Bajeri u  \u0110akovu u ul. Franje Ra\u010dkog<\/strong><\/p>\n<ul>\n<li>Bajeri se  nalaze na zemlji\u0161tu  tvornice opeke \u201eCetera\u201c. Ima ih ukupno \u0161est,  razli\u010dite starosti, oblika  i veli\u010dine. Korisna vodena povr\u0161ina svih \u0161est  bajera iznosi oko 1 ha.  Prosje\u010dna dubina kre\u0107e se od 3 do 4 m. Stariji  bajeri su obrasli trskom  i vodenim biljem, dok su noviji \u010disti.<\/li>\n<\/ul>\n<p><strong>Bajer ke\u0161inci novi <\/strong><\/p>\n<ul>\n<li>Bajer ke\u0161inci novi prosje\u0107na dubina 2m povr\u0161ina  1h<\/li>\n<\/ul>\n","protected":false},"excerpt":{"rendered":"<p>Jezero \u201cBorovik\u201c Rijeka Vuka izvire iz sjeveroisto\u010dnih izdanaka Krstova kod sela Pau\u010dja. Na samom po \u010detku njena toka, izgradnjom brane 1978. godine, stvoreno je umjetno jezero Borovik. Jezero \u201eBorovik\u201c nalazi&#8230; <span class=\"meta-more\"><a href=\"http:\/\/zsru-djakovo.hr\/?page_id=47\">Vi\u0161e &raquo;<\/a><\/span><\/p>\n","protected":false},"author":1,"featured_media":0,"parent":0,"menu_order":0,"comment_status":"closed","ping_status":"closed","template":"","meta":{"footnotes":""},"class_list":["post-47","page","type-page","status-publish","hentry","even alt"],"_links":{"self":[{"href":"http:\/\/zsru-djakovo.hr\/index.php?rest_route=\/wp\/v2\/pages\/47","targetHints":{"allow":["GET"]}}],"collection":[{"href":"http:\/\/zsru-djakovo.hr\/index.php?rest_route=\/wp\/v2\/pages"}],"about":[{"href":"http:\/\/zsru-djakovo.hr\/index.php?rest_route=\/wp\/v2\/types\/page"}],"author":[{"embeddable":true,"href":"http:\/\/zsru-djakovo.hr\/index.php?rest_route=\/wp\/v2\/users\/1"}],"replies":[{"embeddable":true,"href":"http:\/\/zsru-djakovo.hr\/index.php?rest_route=%2Fwp%2Fv2%2Fcomments&post=47"}],"version-history":[{"count":3,"href":"http:\/\/zsru-djakovo.hr\/index.php?rest_route=\/wp\/v2\/pages\/47\/revisions"}],"predecessor-version":[{"id":120,"href":"http:\/\/zsru-djakovo.hr\/index.php?rest_route=\/wp\/v2\/pages\/47\/revisions\/120"}],"wp:attachment":[{"href":"http:\/\/zsru-djakovo.hr\/index.php?rest_route=%2Fwp%2Fv2%2Fmedia&parent=47"}],"curies":[{"name":"wp","href":"https:\/\/api.w.org\/{rel}","templated":true}]}}